{"id":813,"date":"2024-01-27T15:11:32","date_gmt":"2024-01-27T14:11:32","guid":{"rendered":"https:\/\/fildoux.fr\/?post_type=product&#038;p=813"},"modified":"2024-01-27T15:11:33","modified_gmt":"2024-01-27T14:11:33","slug":"panier-de-printemps","status":"publish","type":"product","link":"https:\/\/fildoux.fr\/index.php\/produit\/panier-de-printemps\/","title":{"rendered":"Panier de printemps"},"content":{"rendered":"<p>Panier et l\u00e9gumes (radis, carotte, chou) et coton, tricot\u00e9s \u00e0 la main.<\/p>\n","protected":false},"excerpt":{"rendered":"<p>Panier et l\u00e9gumes (radis, carotte, chou) et coton, tricot\u00e9s \u00e0 la main.<\/p>\n","protected":false},"featured_media":797,"template":"","meta":[],"product_brand":[],"product_cat":[23],"product_tag":[],"class_list":{"0":"post-813","1":"product","2":"type-product","3":"status-publish","4":"has-post-thumbnail","6":"product_cat-vetements","7":"entry","9":"first","10":"instock","11":"purchasable","12":"product-type-simple"},"jetpack_sharing_enabled":true,"_links":{"self":[{"href":"https:\/\/fildoux.fr\/index.php\/wp-json\/wp\/v2\/product\/813","targetHints":{"allow":["GET"]}}],"collection":[{"href":"https:\/\/fildoux.fr\/index.php\/wp-json\/wp\/v2\/product"}],"about":[{"href":"https:\/\/fildoux.fr\/index.php\/wp-json\/wp\/v2\/types\/product"}],"wp:featuredmedia":[{"embeddable":true,"href":"https:\/\/fildoux.fr\/index.php\/wp-json\/wp\/v2\/media\/797"}],"wp:attachment":[{"href":"https:\/\/fildoux.fr\/index.php\/wp-json\/wp\/v2\/media?parent=813"}],"wp:term":[{"taxonomy":"product_brand","embeddable":true,"href":"https:\/\/fildoux.fr\/index.php\/wp-json\/wp\/v2\/product_brand?post=813"},{"taxonomy":"product_cat","embeddable":true,"href":"https:\/\/fildoux.fr\/index.php\/wp-json\/wp\/v2\/product_cat?post=813"},{"taxonomy":"product_tag","embeddable":true,"href":"https:\/\/fildoux.fr\/index.php\/wp-json\/wp\/v2\/product_tag?post=813"}],"curies":[{"name":"wp","href":"https:\/\/api.w.org\/{rel}","templated":true}]}}