{"id":810,"date":"2024-01-27T15:05:06","date_gmt":"2024-01-27T14:05:06","guid":{"rendered":"https:\/\/fildoux.fr\/?post_type=product&#038;p=810"},"modified":"2024-01-27T15:05:53","modified_gmt":"2024-01-27T14:05:53","slug":"laika","status":"publish","type":"product","link":"https:\/\/fildoux.fr\/index.php\/produit\/laika\/","title":{"rendered":"La\u00efka"},"content":{"rendered":"<p>Chien tricot\u00e9 en pure laine de 25 cm. Ses yeux sont en verre, son museau est brod\u00e9. Ses v\u00eatements sont en coton et il peut se d\u00e9shabiller enti\u00e8rement.<\/p>\n","protected":false},"excerpt":{"rendered":"<p>Chien tricot\u00e9 en pure laine de 25 cm. Ses yeux sont en verre, son museau est brod\u00e9. Ses v\u00eatements sont en coton et il peut se d\u00e9shabiller enti\u00e8rement.<\/p>\n","protected":false},"featured_media":793,"template":"","meta":[],"product_brand":[],"product_cat":[19],"product_tag":[],"class_list":{"0":"post-810","1":"product","2":"type-product","3":"status-publish","4":"has-post-thumbnail","6":"product_cat-animal-tricote","7":"entry","9":"first","10":"outofstock","11":"purchasable","12":"product-type-simple"},"jetpack_sharing_enabled":true,"_links":{"self":[{"href":"https:\/\/fildoux.fr\/index.php\/wp-json\/wp\/v2\/product\/810","targetHints":{"allow":["GET"]}}],"collection":[{"href":"https:\/\/fildoux.fr\/index.php\/wp-json\/wp\/v2\/product"}],"about":[{"href":"https:\/\/fildoux.fr\/index.php\/wp-json\/wp\/v2\/types\/product"}],"wp:featuredmedia":[{"embeddable":true,"href":"https:\/\/fildoux.fr\/index.php\/wp-json\/wp\/v2\/media\/793"}],"wp:attachment":[{"href":"https:\/\/fildoux.fr\/index.php\/wp-json\/wp\/v2\/media?parent=810"}],"wp:term":[{"taxonomy":"product_brand","embeddable":true,"href":"https:\/\/fildoux.fr\/index.php\/wp-json\/wp\/v2\/product_brand?post=810"},{"taxonomy":"product_cat","embeddable":true,"href":"https:\/\/fildoux.fr\/index.php\/wp-json\/wp\/v2\/product_cat?post=810"},{"taxonomy":"product_tag","embeddable":true,"href":"https:\/\/fildoux.fr\/index.php\/wp-json\/wp\/v2\/product_tag?post=810"}],"curies":[{"name":"wp","href":"https:\/\/api.w.org\/{rel}","templated":true}]}}