{"id":804,"date":"2024-01-27T14:50:30","date_gmt":"2024-01-27T13:50:30","guid":{"rendered":"https:\/\/fildoux.fr\/?post_type=product&#038;p=804"},"modified":"2024-01-27T15:06:24","modified_gmt":"2024-01-27T14:06:24","slug":"martin","status":"publish","type":"product","link":"https:\/\/fildoux.fr\/index.php\/produit\/martin\/","title":{"rendered":"Martin"},"content":{"rendered":"<p>Ane de 26cm tricot\u00e9 en pure laine. Les yeux sont en verre, le museau est brod\u00e9. Les v\u00eatements sont en coton et ils peuvent tous s\u2019enlever.<\/p>\n","protected":false},"excerpt":{"rendered":"<p>Ane de 26cm tricot\u00e9 en pure laine. Les yeux sont en verre, le museau est brod\u00e9. Les v\u00eatements sont en coton et ils peuvent tous s\u2019enlever.<\/p>\n","protected":false},"featured_media":802,"template":"","meta":[],"product_brand":[],"product_cat":[19],"product_tag":[],"class_list":{"0":"post-804","1":"product","2":"type-product","3":"status-publish","4":"has-post-thumbnail","6":"product_cat-animal-tricote","7":"entry","9":"first","10":"outofstock","11":"shipping-taxable","12":"purchasable","13":"product-type-simple"},"jetpack_sharing_enabled":true,"_links":{"self":[{"href":"https:\/\/fildoux.fr\/index.php\/wp-json\/wp\/v2\/product\/804","targetHints":{"allow":["GET"]}}],"collection":[{"href":"https:\/\/fildoux.fr\/index.php\/wp-json\/wp\/v2\/product"}],"about":[{"href":"https:\/\/fildoux.fr\/index.php\/wp-json\/wp\/v2\/types\/product"}],"wp:featuredmedia":[{"embeddable":true,"href":"https:\/\/fildoux.fr\/index.php\/wp-json\/wp\/v2\/media\/802"}],"wp:attachment":[{"href":"https:\/\/fildoux.fr\/index.php\/wp-json\/wp\/v2\/media?parent=804"}],"wp:term":[{"taxonomy":"product_brand","embeddable":true,"href":"https:\/\/fildoux.fr\/index.php\/wp-json\/wp\/v2\/product_brand?post=804"},{"taxonomy":"product_cat","embeddable":true,"href":"https:\/\/fildoux.fr\/index.php\/wp-json\/wp\/v2\/product_cat?post=804"},{"taxonomy":"product_tag","embeddable":true,"href":"https:\/\/fildoux.fr\/index.php\/wp-json\/wp\/v2\/product_tag?post=804"}],"curies":[{"name":"wp","href":"https:\/\/api.w.org\/{rel}","templated":true}]}}