{"id":774,"date":"2024-01-11T14:25:48","date_gmt":"2024-01-11T13:25:48","guid":{"rendered":"https:\/\/fildoux.fr\/?post_type=product&#038;p=774"},"modified":"2024-01-13T17:07:58","modified_gmt":"2024-01-13T16:07:58","slug":"lou","status":"publish","type":"product","link":"https:\/\/fildoux.fr\/index.php\/produit\/lou\/","title":{"rendered":"Lou &#8211; 20 cm"},"content":{"rendered":"<p>Lou est un doudou : tricot\u00e9 \u00e0 la main dans un fil Oeko-Tex, avec un visage brod\u00e9.<\/p>\n<p>Son corps \u00a0et ses v\u00eatements sont en coton. Elle porte un pull, un pantalon et \u00a0elle peut se d\u00e9shabiller enti\u00e8rement.<\/p>\n","protected":false},"excerpt":{"rendered":"<p>Lou est un doudou : tricot\u00e9 \u00e0 la main dans un fil Oeko-Tex, avec un visage brod\u00e9. Son corps \u00a0et ses v\u00eatements sont en coton. Elle porte un pull, un pantalon et \u00a0elle peut se d\u00e9shabiller enti\u00e8rement.<\/p>\n","protected":false},"featured_media":765,"template":"","meta":[],"product_brand":[],"product_cat":[19],"product_tag":[],"class_list":{"0":"post-774","1":"product","2":"type-product","3":"status-publish","4":"has-post-thumbnail","6":"product_cat-animal-tricote","7":"entry","9":"first","10":"instock","11":"shipping-taxable","12":"purchasable","13":"product-type-simple"},"jetpack_sharing_enabled":true,"_links":{"self":[{"href":"https:\/\/fildoux.fr\/index.php\/wp-json\/wp\/v2\/product\/774","targetHints":{"allow":["GET"]}}],"collection":[{"href":"https:\/\/fildoux.fr\/index.php\/wp-json\/wp\/v2\/product"}],"about":[{"href":"https:\/\/fildoux.fr\/index.php\/wp-json\/wp\/v2\/types\/product"}],"wp:featuredmedia":[{"embeddable":true,"href":"https:\/\/fildoux.fr\/index.php\/wp-json\/wp\/v2\/media\/765"}],"wp:attachment":[{"href":"https:\/\/fildoux.fr\/index.php\/wp-json\/wp\/v2\/media?parent=774"}],"wp:term":[{"taxonomy":"product_brand","embeddable":true,"href":"https:\/\/fildoux.fr\/index.php\/wp-json\/wp\/v2\/product_brand?post=774"},{"taxonomy":"product_cat","embeddable":true,"href":"https:\/\/fildoux.fr\/index.php\/wp-json\/wp\/v2\/product_cat?post=774"},{"taxonomy":"product_tag","embeddable":true,"href":"https:\/\/fildoux.fr\/index.php\/wp-json\/wp\/v2\/product_tag?post=774"}],"curies":[{"name":"wp","href":"https:\/\/api.w.org\/{rel}","templated":true}]}}