{"id":771,"date":"2024-01-11T14:23:38","date_gmt":"2024-01-11T13:23:38","guid":{"rendered":"https:\/\/fildoux.fr\/?post_type=product&#038;p=771"},"modified":"2024-01-11T18:41:18","modified_gmt":"2024-01-11T17:41:18","slug":"nounours","status":"publish","type":"product","link":"https:\/\/fildoux.fr\/index.php\/produit\/nounours\/","title":{"rendered":"Nounours"},"content":{"rendered":"<p>Nounours est un doudou : tricot\u00e9 \u00e0 la main dans un fil Oeko-Tex, avec un visage brod\u00e9.<\/p>\n<p>Son corps \u00a0et ses v\u00eatements sont en coton. Il porte un pull, un pantalon et il ne se d\u00e9place pas sans son sac \u00e0 dos mais il peut se d\u00e9shabiller enti\u00e8rement.<\/p>\n","protected":false},"excerpt":{"rendered":"<p>Nounours est un doudou : tricot\u00e9 \u00e0 la main dans un fil Oeko-Tex, avec un visage brod\u00e9. Son corps \u00a0et ses v\u00eatements sont en coton. Il porte un pull, un pantalon et il ne se d\u00e9place pas sans son sac \u00e0 dos mais il peut se d\u00e9shabiller enti\u00e8rement.<\/p>\n","protected":false},"featured_media":763,"template":"","meta":[],"product_brand":[],"product_cat":[19],"product_tag":[],"class_list":{"0":"post-771","1":"product","2":"type-product","3":"status-publish","4":"has-post-thumbnail","6":"product_cat-animal-tricote","7":"entry","9":"first","10":"outofstock","11":"shipping-taxable","12":"purchasable","13":"product-type-simple"},"jetpack_sharing_enabled":true,"_links":{"self":[{"href":"https:\/\/fildoux.fr\/index.php\/wp-json\/wp\/v2\/product\/771","targetHints":{"allow":["GET"]}}],"collection":[{"href":"https:\/\/fildoux.fr\/index.php\/wp-json\/wp\/v2\/product"}],"about":[{"href":"https:\/\/fildoux.fr\/index.php\/wp-json\/wp\/v2\/types\/product"}],"wp:featuredmedia":[{"embeddable":true,"href":"https:\/\/fildoux.fr\/index.php\/wp-json\/wp\/v2\/media\/763"}],"wp:attachment":[{"href":"https:\/\/fildoux.fr\/index.php\/wp-json\/wp\/v2\/media?parent=771"}],"wp:term":[{"taxonomy":"product_brand","embeddable":true,"href":"https:\/\/fildoux.fr\/index.php\/wp-json\/wp\/v2\/product_brand?post=771"},{"taxonomy":"product_cat","embeddable":true,"href":"https:\/\/fildoux.fr\/index.php\/wp-json\/wp\/v2\/product_cat?post=771"},{"taxonomy":"product_tag","embeddable":true,"href":"https:\/\/fildoux.fr\/index.php\/wp-json\/wp\/v2\/product_tag?post=771"}],"curies":[{"name":"wp","href":"https:\/\/api.w.org\/{rel}","templated":true}]}}