{"id":730,"date":"2023-12-07T22:48:07","date_gmt":"2023-12-07T21:48:07","guid":{"rendered":"https:\/\/fildoux.fr\/?post_type=product&#038;p=730"},"modified":"2023-12-11T19:44:43","modified_gmt":"2023-12-11T18:44:43","slug":"neige-24-cm","status":"publish","type":"product","link":"https:\/\/fildoux.fr\/index.php\/produit\/neige-24-cm\/","title":{"rendered":"Neige, 24 cm"},"content":{"rendered":"<p>Neige est tricot\u00e9e \u00e0 la main dans un fil 100% laine<\/p>\n<p>Ses v\u00eatements sont en coton et ils peuvent s\u2019enlever. La robe est ferm\u00e9e par un petit bouton dans le dos et peut s\u2019enlever<\/p>\n<p>Son museau est brod\u00e9, ses yeux sont en verre<\/p>\n<p>Elle mesure 24 cm<\/p>\n","protected":false},"excerpt":{"rendered":"<p>Neige est tricot\u00e9e \u00e0 la main dans un fil 100% laine Ses v\u00eatements sont en coton et ils peuvent s\u2019enlever. La robe est ferm\u00e9e par un petit bouton dans le dos et peut s\u2019enlever Son museau est brod\u00e9, ses yeux sont en verre Elle mesure 24 cm<\/p>\n","protected":false},"featured_media":718,"template":"","meta":[],"product_brand":[],"product_cat":[19],"product_tag":[],"class_list":{"0":"post-730","1":"product","2":"type-product","3":"status-publish","4":"has-post-thumbnail","6":"product_cat-animal-tricote","7":"entry","9":"first","10":"outofstock","11":"sold-individually","12":"purchasable","13":"product-type-simple"},"jetpack_sharing_enabled":true,"_links":{"self":[{"href":"https:\/\/fildoux.fr\/index.php\/wp-json\/wp\/v2\/product\/730","targetHints":{"allow":["GET"]}}],"collection":[{"href":"https:\/\/fildoux.fr\/index.php\/wp-json\/wp\/v2\/product"}],"about":[{"href":"https:\/\/fildoux.fr\/index.php\/wp-json\/wp\/v2\/types\/product"}],"wp:featuredmedia":[{"embeddable":true,"href":"https:\/\/fildoux.fr\/index.php\/wp-json\/wp\/v2\/media\/718"}],"wp:attachment":[{"href":"https:\/\/fildoux.fr\/index.php\/wp-json\/wp\/v2\/media?parent=730"}],"wp:term":[{"taxonomy":"product_brand","embeddable":true,"href":"https:\/\/fildoux.fr\/index.php\/wp-json\/wp\/v2\/product_brand?post=730"},{"taxonomy":"product_cat","embeddable":true,"href":"https:\/\/fildoux.fr\/index.php\/wp-json\/wp\/v2\/product_cat?post=730"},{"taxonomy":"product_tag","embeddable":true,"href":"https:\/\/fildoux.fr\/index.php\/wp-json\/wp\/v2\/product_tag?post=730"}],"curies":[{"name":"wp","href":"https:\/\/api.w.org\/{rel}","templated":true}]}}