{"id":729,"date":"2023-12-07T22:41:34","date_gmt":"2023-12-07T21:41:34","guid":{"rendered":"https:\/\/fildoux.fr\/?post_type=product&#038;p=729"},"modified":"2023-12-11T19:50:54","modified_gmt":"2023-12-11T18:50:54","slug":"chamonix-24-cm","status":"publish","type":"product","link":"https:\/\/fildoux.fr\/index.php\/produit\/chamonix-24-cm\/","title":{"rendered":"Chamonix, 24 cm"},"content":{"rendered":"<p>Chamonix est tricot\u00e9 \u00e0 la main dans un fil 100% laine<\/p>\n<p>Ses v\u00eatements sont en laine et ils peuvent s\u2019enlever. Le pull est ferm\u00e9 par un petit bouton dans le dos et peut s\u2019enlever<\/p>\n<p>Son museau est brod\u00e9, ses yeux sont en verre<\/p>\n<p>Il mesure 24 cm<\/p>\n","protected":false},"excerpt":{"rendered":"<p>Chamonix est tricot\u00e9 \u00e0 la main dans un fil 100% laine Ses v\u00eatements sont en laine et ils peuvent s\u2019enlever. Le pull est ferm\u00e9 par un petit bouton dans le dos et peut s\u2019enlever Son museau est brod\u00e9, ses yeux sont en verre Il mesure 24 cm<\/p>\n","protected":false},"featured_media":727,"template":"","meta":[],"product_brand":[],"product_cat":[19],"product_tag":[],"class_list":{"0":"post-729","1":"product","2":"type-product","3":"status-publish","4":"has-post-thumbnail","6":"product_cat-animal-tricote","7":"entry","9":"first","10":"outofstock","11":"sold-individually","12":"purchasable","13":"product-type-simple"},"jetpack_sharing_enabled":true,"_links":{"self":[{"href":"https:\/\/fildoux.fr\/index.php\/wp-json\/wp\/v2\/product\/729","targetHints":{"allow":["GET"]}}],"collection":[{"href":"https:\/\/fildoux.fr\/index.php\/wp-json\/wp\/v2\/product"}],"about":[{"href":"https:\/\/fildoux.fr\/index.php\/wp-json\/wp\/v2\/types\/product"}],"wp:featuredmedia":[{"embeddable":true,"href":"https:\/\/fildoux.fr\/index.php\/wp-json\/wp\/v2\/media\/727"}],"wp:attachment":[{"href":"https:\/\/fildoux.fr\/index.php\/wp-json\/wp\/v2\/media?parent=729"}],"wp:term":[{"taxonomy":"product_brand","embeddable":true,"href":"https:\/\/fildoux.fr\/index.php\/wp-json\/wp\/v2\/product_brand?post=729"},{"taxonomy":"product_cat","embeddable":true,"href":"https:\/\/fildoux.fr\/index.php\/wp-json\/wp\/v2\/product_cat?post=729"},{"taxonomy":"product_tag","embeddable":true,"href":"https:\/\/fildoux.fr\/index.php\/wp-json\/wp\/v2\/product_tag?post=729"}],"curies":[{"name":"wp","href":"https:\/\/api.w.org\/{rel}","templated":true}]}}