{"id":675,"date":"2023-12-07T18:01:52","date_gmt":"2023-12-07T17:01:52","guid":{"rendered":"https:\/\/fildoux.fr\/?post_type=product&#038;p=675"},"modified":"2024-07-07T09:08:19","modified_gmt":"2024-07-07T07:08:19","slug":"nicolas-24-cm","status":"publish","type":"product","link":"https:\/\/fildoux.fr\/index.php\/produit\/nicolas-24-cm\/","title":{"rendered":"Nicolas, 24 cm"},"content":{"rendered":"<p>Nicolas est tricot\u00e9 \u00e0 la main dans un fil 100% laine<\/p>\n<p>Son pull et son pantalon sont en laine, ils sont ferm\u00e9s par un petit bouton dans le dos et peuvent s\u2019enlever<\/p>\n<p>Son museau est brod\u00e9, ses yeux sont en verre<\/p>\n<p>Il mesure 24 cm<\/p>\n","protected":false},"excerpt":{"rendered":"<p>Nicolas est tricot\u00e9 \u00e0 la main dans un fil 100% laine Son pull et son pantalon sont en laine, ils sont ferm\u00e9s par un petit bouton dans le dos et peuvent s\u2019enlever Son museau est brod\u00e9, ses yeux sont en verre Il mesure 24 cm<\/p>\n","protected":false},"featured_media":664,"template":"","meta":[],"product_brand":[],"product_cat":[19],"product_tag":[],"class_list":{"0":"post-675","1":"product","2":"type-product","3":"status-publish","4":"has-post-thumbnail","6":"product_cat-animal-tricote","7":"entry","9":"first","10":"instock","11":"purchasable","12":"product-type-simple"},"jetpack_sharing_enabled":true,"_links":{"self":[{"href":"https:\/\/fildoux.fr\/index.php\/wp-json\/wp\/v2\/product\/675","targetHints":{"allow":["GET"]}}],"collection":[{"href":"https:\/\/fildoux.fr\/index.php\/wp-json\/wp\/v2\/product"}],"about":[{"href":"https:\/\/fildoux.fr\/index.php\/wp-json\/wp\/v2\/types\/product"}],"wp:featuredmedia":[{"embeddable":true,"href":"https:\/\/fildoux.fr\/index.php\/wp-json\/wp\/v2\/media\/664"}],"wp:attachment":[{"href":"https:\/\/fildoux.fr\/index.php\/wp-json\/wp\/v2\/media?parent=675"}],"wp:term":[{"taxonomy":"product_brand","embeddable":true,"href":"https:\/\/fildoux.fr\/index.php\/wp-json\/wp\/v2\/product_brand?post=675"},{"taxonomy":"product_cat","embeddable":true,"href":"https:\/\/fildoux.fr\/index.php\/wp-json\/wp\/v2\/product_cat?post=675"},{"taxonomy":"product_tag","embeddable":true,"href":"https:\/\/fildoux.fr\/index.php\/wp-json\/wp\/v2\/product_tag?post=675"}],"curies":[{"name":"wp","href":"https:\/\/api.w.org\/{rel}","templated":true}]}}