{"id":673,"date":"2023-12-07T17:55:31","date_gmt":"2023-12-07T16:55:31","guid":{"rendered":"https:\/\/fildoux.fr\/?post_type=product&#038;p=673"},"modified":"2023-12-11T19:48:12","modified_gmt":"2023-12-11T18:48:12","slug":"doucette-22-cm","status":"publish","type":"product","link":"https:\/\/fildoux.fr\/index.php\/produit\/doucette-22-cm\/","title":{"rendered":"Doucette, 22 cm"},"content":{"rendered":"<p>Doucette est tricot\u00e9e \u00e0 la main dans un fil 100% laine<\/p>\n<p>Ses v\u00eatements tout doux sont en laine, le pull est ferm\u00e9 par un petit bouton dans le dos et peut s\u2019enlever, comme la salopette.<\/p>\n<p>Son museau et ses yeux sont \u00a0brod\u00e9s<\/p>\n<p>Elle mesure 22 cm<\/p>\n","protected":false},"excerpt":{"rendered":"<p>Doucette est tricot\u00e9e \u00e0 la main dans un fil 100% laine Ses v\u00eatements tout doux sont en laine, le pull est ferm\u00e9 par un petit bouton dans le dos et peut s\u2019enlever, comme la salopette. Son museau et ses yeux sont \u00a0brod\u00e9s Elle mesure 22 cm<\/p>\n","protected":false},"featured_media":672,"template":"","meta":[],"product_brand":[],"product_cat":[19],"product_tag":[],"class_list":{"0":"post-673","1":"product","2":"type-product","3":"status-publish","4":"has-post-thumbnail","6":"product_cat-animal-tricote","7":"entry","9":"first","10":"outofstock","11":"sold-individually","12":"purchasable","13":"product-type-simple"},"jetpack_sharing_enabled":true,"_links":{"self":[{"href":"https:\/\/fildoux.fr\/index.php\/wp-json\/wp\/v2\/product\/673","targetHints":{"allow":["GET"]}}],"collection":[{"href":"https:\/\/fildoux.fr\/index.php\/wp-json\/wp\/v2\/product"}],"about":[{"href":"https:\/\/fildoux.fr\/index.php\/wp-json\/wp\/v2\/types\/product"}],"wp:featuredmedia":[{"embeddable":true,"href":"https:\/\/fildoux.fr\/index.php\/wp-json\/wp\/v2\/media\/672"}],"wp:attachment":[{"href":"https:\/\/fildoux.fr\/index.php\/wp-json\/wp\/v2\/media?parent=673"}],"wp:term":[{"taxonomy":"product_brand","embeddable":true,"href":"https:\/\/fildoux.fr\/index.php\/wp-json\/wp\/v2\/product_brand?post=673"},{"taxonomy":"product_cat","embeddable":true,"href":"https:\/\/fildoux.fr\/index.php\/wp-json\/wp\/v2\/product_cat?post=673"},{"taxonomy":"product_tag","embeddable":true,"href":"https:\/\/fildoux.fr\/index.php\/wp-json\/wp\/v2\/product_tag?post=673"}],"curies":[{"name":"wp","href":"https:\/\/api.w.org\/{rel}","templated":true}]}}