{"id":657,"date":"2023-12-07T17:38:18","date_gmt":"2023-12-07T16:38:18","guid":{"rendered":"https:\/\/fildoux.fr\/?post_type=product&#038;p=657"},"modified":"2023-12-11T19:47:56","modified_gmt":"2023-12-11T18:47:56","slug":"flocon-22-cm","status":"publish","type":"product","link":"https:\/\/fildoux.fr\/index.php\/produit\/flocon-22-cm\/","title":{"rendered":"Flocon  22 cm"},"content":{"rendered":"<p>Flocon est tricot\u00e9e \u00e0 la main dans un fil 100% laine<\/p>\n<p>Sa robe est en coton, elle est ferm\u00e9e par un petit bouton dans le dos et peut s\u2019enlever<\/p>\n<p>Son museau est brod\u00e9, ses yeux sont en verre<\/p>\n<p>Elle mesure 22 cm<\/p>\n","protected":false},"excerpt":{"rendered":"<p>Flocon est tricot\u00e9e \u00e0 la main dans un fil 100% laine Sa robe est en coton, elle est ferm\u00e9e par un petit bouton dans le dos et peut s\u2019enlever Son museau est brod\u00e9, ses yeux sont en verre Elle mesure 22 cm<\/p>\n","protected":false},"featured_media":635,"template":"","meta":[],"product_brand":[],"product_cat":[19],"product_tag":[],"class_list":{"0":"post-657","1":"product","2":"type-product","3":"status-publish","4":"has-post-thumbnail","6":"product_cat-animal-tricote","7":"entry","9":"first","10":"outofstock","11":"sold-individually","12":"purchasable","13":"product-type-simple"},"jetpack_sharing_enabled":true,"_links":{"self":[{"href":"https:\/\/fildoux.fr\/index.php\/wp-json\/wp\/v2\/product\/657","targetHints":{"allow":["GET"]}}],"collection":[{"href":"https:\/\/fildoux.fr\/index.php\/wp-json\/wp\/v2\/product"}],"about":[{"href":"https:\/\/fildoux.fr\/index.php\/wp-json\/wp\/v2\/types\/product"}],"wp:featuredmedia":[{"embeddable":true,"href":"https:\/\/fildoux.fr\/index.php\/wp-json\/wp\/v2\/media\/635"}],"wp:attachment":[{"href":"https:\/\/fildoux.fr\/index.php\/wp-json\/wp\/v2\/media?parent=657"}],"wp:term":[{"taxonomy":"product_brand","embeddable":true,"href":"https:\/\/fildoux.fr\/index.php\/wp-json\/wp\/v2\/product_brand?post=657"},{"taxonomy":"product_cat","embeddable":true,"href":"https:\/\/fildoux.fr\/index.php\/wp-json\/wp\/v2\/product_cat?post=657"},{"taxonomy":"product_tag","embeddable":true,"href":"https:\/\/fildoux.fr\/index.php\/wp-json\/wp\/v2\/product_tag?post=657"}],"curies":[{"name":"wp","href":"https:\/\/api.w.org\/{rel}","templated":true}]}}