{"id":648,"date":"2023-12-07T17:17:06","date_gmt":"2023-12-07T16:17:06","guid":{"rendered":"https:\/\/fildoux.fr\/?post_type=product&#038;p=648"},"modified":"2023-12-11T19:47:34","modified_gmt":"2023-12-11T18:47:34","slug":"monsieur-renard-24-cm","status":"publish","type":"product","link":"https:\/\/fildoux.fr\/index.php\/produit\/monsieur-renard-24-cm\/","title":{"rendered":"Madame Renard, 24 cm"},"content":{"rendered":"<p>Madame Renard est tricot\u00e9e \u00e0 la main dans un fil 50% m\u00e9rino, 50% coton<\/p>\n<p>Son t-shirt et sa robe sont en 100% laine, ils peuvent s\u2019enlever.<br \/>\n<span style=\"font-family: var(--global--font-secondary); font-size: var(--global--font-size-base);\">Le t-shirt est ferm\u00e9 par un petit bouton dans le dos.<\/span><\/p>\n<p>Son museau est brod\u00e9, ses yeux sont en verre<\/p>\n<p>Elle mesure 24 cm<\/p>\n","protected":false},"excerpt":{"rendered":"<p>Madame Renard est tricot\u00e9e \u00e0 la main dans un fil 50% m\u00e9rino, 50% coton Son t-shirt et sa robe sont en 100% laine, ils peuvent s\u2019enlever. Le t-shirt est ferm\u00e9 par un petit bouton dans le dos. Son museau est brod\u00e9, ses yeux sont en verre Elle mesure 24 cm<\/p>\n","protected":false},"featured_media":639,"template":"","meta":[],"product_brand":[],"product_cat":[19],"product_tag":[],"class_list":{"0":"post-648","1":"product","2":"type-product","3":"status-publish","4":"has-post-thumbnail","6":"product_cat-animal-tricote","7":"entry","9":"first","10":"outofstock","11":"sold-individually","12":"purchasable","13":"product-type-simple"},"jetpack_sharing_enabled":true,"_links":{"self":[{"href":"https:\/\/fildoux.fr\/index.php\/wp-json\/wp\/v2\/product\/648","targetHints":{"allow":["GET"]}}],"collection":[{"href":"https:\/\/fildoux.fr\/index.php\/wp-json\/wp\/v2\/product"}],"about":[{"href":"https:\/\/fildoux.fr\/index.php\/wp-json\/wp\/v2\/types\/product"}],"wp:featuredmedia":[{"embeddable":true,"href":"https:\/\/fildoux.fr\/index.php\/wp-json\/wp\/v2\/media\/639"}],"wp:attachment":[{"href":"https:\/\/fildoux.fr\/index.php\/wp-json\/wp\/v2\/media?parent=648"}],"wp:term":[{"taxonomy":"product_brand","embeddable":true,"href":"https:\/\/fildoux.fr\/index.php\/wp-json\/wp\/v2\/product_brand?post=648"},{"taxonomy":"product_cat","embeddable":true,"href":"https:\/\/fildoux.fr\/index.php\/wp-json\/wp\/v2\/product_cat?post=648"},{"taxonomy":"product_tag","embeddable":true,"href":"https:\/\/fildoux.fr\/index.php\/wp-json\/wp\/v2\/product_tag?post=648"}],"curies":[{"name":"wp","href":"https:\/\/api.w.org\/{rel}","templated":true}]}}