{"id":573,"date":"2022-12-12T09:45:03","date_gmt":"2022-12-12T08:45:03","guid":{"rendered":"https:\/\/fildoux.fr\/?post_type=product&#038;p=573"},"modified":"2022-12-12T09:45:04","modified_gmt":"2022-12-12T08:45:04","slug":"ensemble-dete-ou-pyjama-pour-animal-de-moins-de-20-cm","status":"publish","type":"product","link":"https:\/\/fildoux.fr\/index.php\/produit\/ensemble-dete-ou-pyjama-pour-animal-de-moins-de-20-cm\/","title":{"rendered":"Ensemble d\u2019\u00e9t\u00e9 ou pyjama pour animal de moins de 20 cm"},"content":{"rendered":"<p>Short et d\u00e9bardeur 100 % coton, \u00a0pour animal Fil Doux de moins de 20 cm<\/p>\n","protected":false},"excerpt":{"rendered":"<p>Short et d\u00e9bardeur 100 % coton, \u00a0pour animal Fil Doux de moins de 20 cm<\/p>\n","protected":false},"featured_media":525,"template":"","meta":[],"product_brand":[],"product_cat":[23],"product_tag":[],"class_list":{"0":"post-573","1":"product","2":"type-product","3":"status-publish","4":"has-post-thumbnail","6":"product_cat-vetements","7":"entry","9":"first","10":"instock","11":"purchasable","12":"product-type-simple"},"jetpack_sharing_enabled":true,"_links":{"self":[{"href":"https:\/\/fildoux.fr\/index.php\/wp-json\/wp\/v2\/product\/573","targetHints":{"allow":["GET"]}}],"collection":[{"href":"https:\/\/fildoux.fr\/index.php\/wp-json\/wp\/v2\/product"}],"about":[{"href":"https:\/\/fildoux.fr\/index.php\/wp-json\/wp\/v2\/types\/product"}],"wp:featuredmedia":[{"embeddable":true,"href":"https:\/\/fildoux.fr\/index.php\/wp-json\/wp\/v2\/media\/525"}],"wp:attachment":[{"href":"https:\/\/fildoux.fr\/index.php\/wp-json\/wp\/v2\/media?parent=573"}],"wp:term":[{"taxonomy":"product_brand","embeddable":true,"href":"https:\/\/fildoux.fr\/index.php\/wp-json\/wp\/v2\/product_brand?post=573"},{"taxonomy":"product_cat","embeddable":true,"href":"https:\/\/fildoux.fr\/index.php\/wp-json\/wp\/v2\/product_cat?post=573"},{"taxonomy":"product_tag","embeddable":true,"href":"https:\/\/fildoux.fr\/index.php\/wp-json\/wp\/v2\/product_tag?post=573"}],"curies":[{"name":"wp","href":"https:\/\/api.w.org\/{rel}","templated":true}]}}