{"id":478,"date":"2022-12-06T16:40:05","date_gmt":"2022-12-06T15:40:05","guid":{"rendered":"https:\/\/fildoux.fr\/?post_type=product&#038;p=478"},"modified":"2024-07-07T09:08:27","modified_gmt":"2024-07-07T07:08:27","slug":"panier-pour-tous-2","status":"publish","type":"product","link":"https:\/\/fildoux.fr\/index.php\/produit\/panier-pour-tous-2\/","title":{"rendered":"Panier &#8211; pour tous"},"content":{"rendered":"<p>Tricot\u00e9 en fil 100% coton<\/p>\n<p>Il est livr\u00e9 avec deux surprises \u00e0 l\u2019int\u00e9rieur \u2026<\/p>\n","protected":false},"excerpt":{"rendered":"<p>Tricot\u00e9 en fil 100% coton Il est livr\u00e9 avec deux surprises \u00e0 l\u2019int\u00e9rieur \u2026<\/p>\n","protected":false},"featured_media":469,"template":"","meta":[],"product_brand":[],"product_cat":[23],"product_tag":[],"class_list":{"0":"post-478","1":"product","2":"type-product","3":"status-publish","4":"has-post-thumbnail","6":"product_cat-vetements","7":"entry","9":"first","10":"instock","11":"purchasable","12":"product-type-simple"},"jetpack_sharing_enabled":true,"_links":{"self":[{"href":"https:\/\/fildoux.fr\/index.php\/wp-json\/wp\/v2\/product\/478","targetHints":{"allow":["GET"]}}],"collection":[{"href":"https:\/\/fildoux.fr\/index.php\/wp-json\/wp\/v2\/product"}],"about":[{"href":"https:\/\/fildoux.fr\/index.php\/wp-json\/wp\/v2\/types\/product"}],"wp:featuredmedia":[{"embeddable":true,"href":"https:\/\/fildoux.fr\/index.php\/wp-json\/wp\/v2\/media\/469"}],"wp:attachment":[{"href":"https:\/\/fildoux.fr\/index.php\/wp-json\/wp\/v2\/media?parent=478"}],"wp:term":[{"taxonomy":"product_brand","embeddable":true,"href":"https:\/\/fildoux.fr\/index.php\/wp-json\/wp\/v2\/product_brand?post=478"},{"taxonomy":"product_cat","embeddable":true,"href":"https:\/\/fildoux.fr\/index.php\/wp-json\/wp\/v2\/product_cat?post=478"},{"taxonomy":"product_tag","embeddable":true,"href":"https:\/\/fildoux.fr\/index.php\/wp-json\/wp\/v2\/product_tag?post=478"}],"curies":[{"name":"wp","href":"https:\/\/api.w.org\/{rel}","templated":true}]}}