{"id":467,"date":"2022-12-06T16:29:55","date_gmt":"2022-12-06T15:29:55","guid":{"rendered":"https:\/\/fildoux.fr\/?post_type=product&#038;p=467"},"modified":"2023-12-11T19:49:07","modified_gmt":"2023-12-11T18:49:07","slug":"panier-pour-tous","status":"publish","type":"product","link":"https:\/\/fildoux.fr\/index.php\/produit\/panier-pour-tous\/","title":{"rendered":"Panier &#8211; pour tous"},"content":{"rendered":"<p>Tricot\u00e9 en fil 100% coton<\/p>\n<p>Il est livr\u00e9 avec deux surprises \u00e0 l\u2019int\u00e9rieur \u2026<\/p>\n","protected":false},"excerpt":{"rendered":"<p>Tricot\u00e9 en fil 100% coton Il est livr\u00e9 avec deux surprises \u00e0 l\u2019int\u00e9rieur \u2026<\/p>\n","protected":false},"featured_media":468,"template":"","meta":[],"product_brand":[],"product_cat":[23],"product_tag":[],"class_list":{"0":"post-467","1":"product","2":"type-product","3":"status-publish","4":"has-post-thumbnail","6":"product_cat-vetements","7":"entry","9":"first","10":"outofstock","11":"sold-individually","12":"purchasable","13":"product-type-simple"},"jetpack_sharing_enabled":true,"_links":{"self":[{"href":"https:\/\/fildoux.fr\/index.php\/wp-json\/wp\/v2\/product\/467","targetHints":{"allow":["GET"]}}],"collection":[{"href":"https:\/\/fildoux.fr\/index.php\/wp-json\/wp\/v2\/product"}],"about":[{"href":"https:\/\/fildoux.fr\/index.php\/wp-json\/wp\/v2\/types\/product"}],"wp:featuredmedia":[{"embeddable":true,"href":"https:\/\/fildoux.fr\/index.php\/wp-json\/wp\/v2\/media\/468"}],"wp:attachment":[{"href":"https:\/\/fildoux.fr\/index.php\/wp-json\/wp\/v2\/media?parent=467"}],"wp:term":[{"taxonomy":"product_brand","embeddable":true,"href":"https:\/\/fildoux.fr\/index.php\/wp-json\/wp\/v2\/product_brand?post=467"},{"taxonomy":"product_cat","embeddable":true,"href":"https:\/\/fildoux.fr\/index.php\/wp-json\/wp\/v2\/product_cat?post=467"},{"taxonomy":"product_tag","embeddable":true,"href":"https:\/\/fildoux.fr\/index.php\/wp-json\/wp\/v2\/product_tag?post=467"}],"curies":[{"name":"wp","href":"https:\/\/api.w.org\/{rel}","templated":true}]}}