{"id":284,"date":"2022-11-28T22:24:53","date_gmt":"2022-11-28T21:24:53","guid":{"rendered":"https:\/\/fildoux.fr\/?post_type=product&#038;p=284"},"modified":"2024-07-07T09:10:11","modified_gmt":"2024-07-07T07:10:11","slug":"renne-pere-noel","status":"publish","type":"product","link":"https:\/\/fildoux.fr\/index.php\/produit\/renne-pere-noel\/","title":{"rendered":"Renne P\u00e8re No\u00ebl, 28 cm"},"content":{"rendered":"<p>Le p\u00e8re No\u00ebl est tricot\u00e9 \u00e0 la main dans un fil 65% Alpaga, 28% Polyamide, 7% laine pour le corps.<\/p>\n<p>Son pull et son short, son manteau \u00e0 capuche et ses bottes sont en 100% coton.<\/p>\n<p>Tous ses v\u00eatements peuvent s&rsquo;enlever. Le pull est ferm\u00e9 par un petit bouton dans le dos, la veste par 3 boutons<\/p>\n<p>Son museau et ses yeux sont brod\u00e9s<\/p>\n<p>Il mesure 28 cm.<\/p>\n","protected":false},"excerpt":{"rendered":"<p>Le p\u00e8re No\u00ebl est tricot\u00e9 \u00e0 la main dans un fil 65% Alpaga, 28% Polyamide, 7% laine pour le corps. Son pull et son short, son manteau \u00e0 capuche et ses bottes sont en 100% coton. Tous ses v\u00eatements peuvent s&rsquo;enlever. Le pull est ferm\u00e9 par un petit bouton dans le dos, la veste par&hellip; <a class=\"more-link\" href=\"https:\/\/fildoux.fr\/index.php\/produit\/renne-pere-noel\/\">Poursuivre la lecture <span class=\"screen-reader-text\">Renne P\u00e8re No\u00ebl, 28 cm<\/span><\/a><\/p>\n","protected":false},"featured_media":199,"template":"","meta":[],"product_brand":[],"product_cat":[19],"product_tag":[],"class_list":{"0":"post-284","1":"product","2":"type-product","3":"status-publish","4":"has-post-thumbnail","6":"product_cat-animal-tricote","7":"entry","9":"first","10":"instock","11":"purchasable","12":"product-type-simple"},"jetpack_sharing_enabled":true,"_links":{"self":[{"href":"https:\/\/fildoux.fr\/index.php\/wp-json\/wp\/v2\/product\/284","targetHints":{"allow":["GET"]}}],"collection":[{"href":"https:\/\/fildoux.fr\/index.php\/wp-json\/wp\/v2\/product"}],"about":[{"href":"https:\/\/fildoux.fr\/index.php\/wp-json\/wp\/v2\/types\/product"}],"wp:featuredmedia":[{"embeddable":true,"href":"https:\/\/fildoux.fr\/index.php\/wp-json\/wp\/v2\/media\/199"}],"wp:attachment":[{"href":"https:\/\/fildoux.fr\/index.php\/wp-json\/wp\/v2\/media?parent=284"}],"wp:term":[{"taxonomy":"product_brand","embeddable":true,"href":"https:\/\/fildoux.fr\/index.php\/wp-json\/wp\/v2\/product_brand?post=284"},{"taxonomy":"product_cat","embeddable":true,"href":"https:\/\/fildoux.fr\/index.php\/wp-json\/wp\/v2\/product_cat?post=284"},{"taxonomy":"product_tag","embeddable":true,"href":"https:\/\/fildoux.fr\/index.php\/wp-json\/wp\/v2\/product_tag?post=284"}],"curies":[{"name":"wp","href":"https:\/\/api.w.org\/{rel}","templated":true}]}}