{"id":283,"date":"2022-11-28T13:50:33","date_gmt":"2022-11-28T12:50:33","guid":{"rendered":"https:\/\/fildoux.fr\/?post_type=product&#038;p=283"},"modified":"2023-12-11T19:49:19","modified_gmt":"2023-12-11T18:49:19","slug":"souris-rouge-gorge","status":"publish","type":"product","link":"https:\/\/fildoux.fr\/index.php\/produit\/souris-rouge-gorge\/","title":{"rendered":"Souris rouge-gorge, 24 cm"},"content":{"rendered":"<p>Souris Rouge-gorge est tricot\u00e9e \u00e0 la main dans un fil coton\/m\u00e9rino 50% coton, 50% laine pour le corps.<\/p>\n<p>Son pull et son short sont en fil baby m\u00e9rino 100% laine.<\/p>\n<p>Son pull et son short peuvent s&rsquo;enlever. Le pull est ferm\u00e9 par un petit bouton dans le dos.<\/p>\n<p>Son museau est brod\u00e9, ses yeux sont en verre.<\/p>\n<p>Il mesure 24 cm.<\/p>\n","protected":false},"excerpt":{"rendered":"<p>Souris Rouge-gorge est tricot\u00e9e \u00e0 la main dans un fil coton\/m\u00e9rino 50% coton, 50% laine pour le corps. Son pull et son short sont en fil baby m\u00e9rino 100% laine. Son pull et son short peuvent s&rsquo;enlever. Le pull est ferm\u00e9 par un petit bouton dans le dos. Son museau est brod\u00e9, ses yeux sont&hellip; <a class=\"more-link\" href=\"https:\/\/fildoux.fr\/index.php\/produit\/souris-rouge-gorge\/\">Poursuivre la lecture <span class=\"screen-reader-text\">Souris rouge-gorge, 24 cm<\/span><\/a><\/p>\n","protected":false},"featured_media":184,"template":"","meta":[],"product_brand":[],"product_cat":[19],"product_tag":[],"class_list":{"0":"post-283","1":"product","2":"type-product","3":"status-publish","4":"has-post-thumbnail","6":"product_cat-animal-tricote","7":"entry","9":"first","10":"outofstock","11":"sold-individually","12":"purchasable","13":"product-type-simple"},"jetpack_sharing_enabled":true,"_links":{"self":[{"href":"https:\/\/fildoux.fr\/index.php\/wp-json\/wp\/v2\/product\/283","targetHints":{"allow":["GET"]}}],"collection":[{"href":"https:\/\/fildoux.fr\/index.php\/wp-json\/wp\/v2\/product"}],"about":[{"href":"https:\/\/fildoux.fr\/index.php\/wp-json\/wp\/v2\/types\/product"}],"wp:featuredmedia":[{"embeddable":true,"href":"https:\/\/fildoux.fr\/index.php\/wp-json\/wp\/v2\/media\/184"}],"wp:attachment":[{"href":"https:\/\/fildoux.fr\/index.php\/wp-json\/wp\/v2\/media?parent=283"}],"wp:term":[{"taxonomy":"product_brand","embeddable":true,"href":"https:\/\/fildoux.fr\/index.php\/wp-json\/wp\/v2\/product_brand?post=283"},{"taxonomy":"product_cat","embeddable":true,"href":"https:\/\/fildoux.fr\/index.php\/wp-json\/wp\/v2\/product_cat?post=283"},{"taxonomy":"product_tag","embeddable":true,"href":"https:\/\/fildoux.fr\/index.php\/wp-json\/wp\/v2\/product_tag?post=283"}],"curies":[{"name":"wp","href":"https:\/\/api.w.org\/{rel}","templated":true}]}}