{"id":232,"date":"2022-11-27T23:20:29","date_gmt":"2022-11-27T22:20:29","guid":{"rendered":"https:\/\/fildoux.fr\/?post_type=product&#038;p=232"},"modified":"2024-07-07T09:08:42","modified_gmt":"2024-07-07T07:08:42","slug":"toufou","status":"publish","type":"product","link":"https:\/\/fildoux.fr\/index.php\/produit\/toufou\/","title":{"rendered":"Toufou, lapin 18 cm"},"content":{"rendered":"<p>Petit lapin trop doux, le seul en fil synth\u00e9tique de chez Fil Doux mais son poil est si beau qu\u2019il ne veut pas le cacher avec des v\u00eatements.<\/p>\n<p>Toufou est tricot\u00e9 \u00e0 la main dans un fil 100% polyamide<\/p>\n<p>Son museau est brod\u00e9, ses yeux sont en verre<\/p>\n<p>IL mesure 18 cm<\/p>\n","protected":false},"excerpt":{"rendered":"<p>Petit lapin trop doux, le seul en fil synth\u00e9tique de chez Fil Doux mais son poil est si beau qu\u2019il ne veut pas le cacher avec des v\u00eatements. Toufou est tricot\u00e9 \u00e0 la main dans un fil 100% polyamide Son museau est brod\u00e9, ses yeux sont en verre IL mesure 18 cm<\/p>\n","protected":false},"featured_media":240,"template":"","meta":[],"product_brand":[],"product_cat":[19],"product_tag":[],"class_list":{"0":"post-232","1":"product","2":"type-product","3":"status-publish","4":"has-post-thumbnail","6":"product_cat-animal-tricote","7":"entry","9":"first","10":"instock","11":"purchasable","12":"product-type-simple"},"jetpack_sharing_enabled":true,"_links":{"self":[{"href":"https:\/\/fildoux.fr\/index.php\/wp-json\/wp\/v2\/product\/232","targetHints":{"allow":["GET"]}}],"collection":[{"href":"https:\/\/fildoux.fr\/index.php\/wp-json\/wp\/v2\/product"}],"about":[{"href":"https:\/\/fildoux.fr\/index.php\/wp-json\/wp\/v2\/types\/product"}],"wp:featuredmedia":[{"embeddable":true,"href":"https:\/\/fildoux.fr\/index.php\/wp-json\/wp\/v2\/media\/240"}],"wp:attachment":[{"href":"https:\/\/fildoux.fr\/index.php\/wp-json\/wp\/v2\/media?parent=232"}],"wp:term":[{"taxonomy":"product_brand","embeddable":true,"href":"https:\/\/fildoux.fr\/index.php\/wp-json\/wp\/v2\/product_brand?post=232"},{"taxonomy":"product_cat","embeddable":true,"href":"https:\/\/fildoux.fr\/index.php\/wp-json\/wp\/v2\/product_cat?post=232"},{"taxonomy":"product_tag","embeddable":true,"href":"https:\/\/fildoux.fr\/index.php\/wp-json\/wp\/v2\/product_tag?post=232"}],"curies":[{"name":"wp","href":"https:\/\/api.w.org\/{rel}","templated":true}]}}