{"id":231,"date":"2022-11-27T23:11:23","date_gmt":"2022-11-27T22:11:23","guid":{"rendered":"https:\/\/fildoux.fr\/?post_type=product&#038;p=231"},"modified":"2024-07-07T09:08:39","modified_gmt":"2024-07-07T07:08:39","slug":"mimi","status":"publish","type":"product","link":"https:\/\/fildoux.fr\/index.php\/produit\/mimi\/","title":{"rendered":"Mimi, souris, 21 cm"},"content":{"rendered":"<p>Mimi est tricot\u00e9e \u00e0 la main dans un fil coton\/m\u00e9rino 50% coton, 50% laine pour le corps.<\/p>\n<p>Sa robe est en fil Baby m\u00e9rino 100% laine.<\/p>\n<p>Sa robe peut s&rsquo;enlever, elle est ferm\u00e9e par un petit bouton dans le dos.<\/p>\n<p>Son museau est brod\u00e9, ses yeux sont en verre.<\/p>\n<p>Elle mesure 21 cm.<\/p>\n","protected":false},"excerpt":{"rendered":"<p>Mimi est tricot\u00e9e \u00e0 la main dans un fil coton\/m\u00e9rino 50% coton, 50% laine pour le corps. Sa robe est en fil Baby m\u00e9rino 100% laine. Sa robe peut s&rsquo;enlever, elle est ferm\u00e9e par un petit bouton dans le dos. Son museau est brod\u00e9, ses yeux sont en verre. Elle mesure 21 cm.<\/p>\n","protected":false},"featured_media":156,"template":"","meta":[],"product_brand":[],"product_cat":[19],"product_tag":[],"class_list":{"0":"post-231","1":"product","2":"type-product","3":"status-publish","4":"has-post-thumbnail","6":"product_cat-animal-tricote","7":"entry","9":"first","10":"instock","11":"purchasable","12":"product-type-simple"},"jetpack_sharing_enabled":true,"_links":{"self":[{"href":"https:\/\/fildoux.fr\/index.php\/wp-json\/wp\/v2\/product\/231","targetHints":{"allow":["GET"]}}],"collection":[{"href":"https:\/\/fildoux.fr\/index.php\/wp-json\/wp\/v2\/product"}],"about":[{"href":"https:\/\/fildoux.fr\/index.php\/wp-json\/wp\/v2\/types\/product"}],"wp:featuredmedia":[{"embeddable":true,"href":"https:\/\/fildoux.fr\/index.php\/wp-json\/wp\/v2\/media\/156"}],"wp:attachment":[{"href":"https:\/\/fildoux.fr\/index.php\/wp-json\/wp\/v2\/media?parent=231"}],"wp:term":[{"taxonomy":"product_brand","embeddable":true,"href":"https:\/\/fildoux.fr\/index.php\/wp-json\/wp\/v2\/product_brand?post=231"},{"taxonomy":"product_cat","embeddable":true,"href":"https:\/\/fildoux.fr\/index.php\/wp-json\/wp\/v2\/product_cat?post=231"},{"taxonomy":"product_tag","embeddable":true,"href":"https:\/\/fildoux.fr\/index.php\/wp-json\/wp\/v2\/product_tag?post=231"}],"curies":[{"name":"wp","href":"https:\/\/api.w.org\/{rel}","templated":true}]}}