{"id":229,"date":"2022-11-27T23:03:44","date_gmt":"2022-11-27T22:03:44","guid":{"rendered":"https:\/\/fildoux.fr\/?post_type=product&#038;p=229"},"modified":"2024-07-07T09:09:17","modified_gmt":"2024-07-07T07:09:17","slug":"la-maman-des-souris","status":"publish","type":"product","link":"https:\/\/fildoux.fr\/index.php\/produit\/la-maman-des-souris\/","title":{"rendered":"La maman des souris, 28 cm"},"content":{"rendered":"<p>La maman des souris est tricot\u00e9e \u00e0 la main dans un fil coton\/m\u00e9rino 50% coton, 50% laine pour le corps.<\/p>\n<p>Sa robe est en fil 100% coton, son ch\u00e2le en 100% laine.<\/p>\n<p>Son ch\u00e2le et sa robe peuvent s&rsquo;enlever, la robe est ferm\u00e9e par un petit bouton dans le dos.<\/p>\n<p>Son museau est brod\u00e9, ses yeux sont en verre.<\/p>\n<p>Elle mesure 28 cm.<\/p>\n","protected":false},"excerpt":{"rendered":"<p>La maman des souris est tricot\u00e9e \u00e0 la main dans un fil coton\/m\u00e9rino 50% coton, 50% laine pour le corps. Sa robe est en fil 100% coton, son ch\u00e2le en 100% laine. Son ch\u00e2le et sa robe peuvent s&rsquo;enlever, la robe est ferm\u00e9e par un petit bouton dans le dos. Son museau est brod\u00e9, ses&hellip; <a class=\"more-link\" href=\"https:\/\/fildoux.fr\/index.php\/produit\/la-maman-des-souris\/\">Poursuivre la lecture <span class=\"screen-reader-text\">La maman des souris, 28 cm<\/span><\/a><\/p>\n","protected":false},"featured_media":201,"template":"","meta":[],"product_brand":[],"product_cat":[19],"product_tag":[],"class_list":{"0":"post-229","1":"product","2":"type-product","3":"status-publish","4":"has-post-thumbnail","6":"product_cat-animal-tricote","7":"entry","9":"first","10":"instock","11":"purchasable","12":"product-type-simple"},"jetpack_sharing_enabled":true,"_links":{"self":[{"href":"https:\/\/fildoux.fr\/index.php\/wp-json\/wp\/v2\/product\/229","targetHints":{"allow":["GET"]}}],"collection":[{"href":"https:\/\/fildoux.fr\/index.php\/wp-json\/wp\/v2\/product"}],"about":[{"href":"https:\/\/fildoux.fr\/index.php\/wp-json\/wp\/v2\/types\/product"}],"wp:featuredmedia":[{"embeddable":true,"href":"https:\/\/fildoux.fr\/index.php\/wp-json\/wp\/v2\/media\/201"}],"wp:attachment":[{"href":"https:\/\/fildoux.fr\/index.php\/wp-json\/wp\/v2\/media?parent=229"}],"wp:term":[{"taxonomy":"product_brand","embeddable":true,"href":"https:\/\/fildoux.fr\/index.php\/wp-json\/wp\/v2\/product_brand?post=229"},{"taxonomy":"product_cat","embeddable":true,"href":"https:\/\/fildoux.fr\/index.php\/wp-json\/wp\/v2\/product_cat?post=229"},{"taxonomy":"product_tag","embeddable":true,"href":"https:\/\/fildoux.fr\/index.php\/wp-json\/wp\/v2\/product_tag?post=229"}],"curies":[{"name":"wp","href":"https:\/\/api.w.org\/{rel}","templated":true}]}}