{"id":307,"date":"2022-11-29T14:18:57","date_gmt":"2022-11-29T13:18:57","guid":{"rendered":"https:\/\/fildoux.fr\/?page_id=307"},"modified":"2022-11-30T14:47:56","modified_gmt":"2022-11-30T13:47:56","slug":"mentions-legales","status":"publish","type":"page","link":"https:\/\/fildoux.fr\/index.php\/mentions-legales\/","title":{"rendered":"Mentions l\u00e9gales"},"content":{"rendered":"\n<p><\/p>\n\n\n\n<p><strong>Pr\u00e9sentation du site<\/strong><\/p>\n\n\n\n<p>Conform\u00e9ment aux dispositions des articles 6-III et 19 de la Loi n\u00b0 2004-575 du 21 juin 2004 pour la Confiance dans l\u2019\u00e9conomie num\u00e9rique, dite L.C.E.N., nous portons \u00e0 la connaissance des utilisateurs et visiteurs du site&nbsp;<a href=\"http:\/\/www.fildoux.fr\">www.fildoux.fr<\/a> les informations suivantes :<\/p>\n\n\n\n<p>\u00ab&nbsp;Fil Doux&nbsp;\u00bb est g\u00e9r\u00e9 par Nathalie Zenatti, 38270 Beaurepaire \u200b<\/p>\n\n\n\n<p>\u200b<\/p>\n\n\n\n<p><strong>Propri\u00e9t\u00e9 intellectuelle et contrefa\u00e7ons<\/strong><\/p>\n\n\n\n<p>Le propri\u00e9taire du site est propri\u00e9taire des droits de propri\u00e9t\u00e9 intellectuelle ou d\u00e9tient les droits d\u2019usage sur tous les \u00e9l\u00e9ments accessibles sur le site, notamment les textes, images, graphismes, logo, ic\u00f4nes, sons, logiciels\u2026<\/p>\n\n\n\n<p>Toute reproduction, repr\u00e9sentation, modification, publication, adaptation totale ou partielle des \u00e9l\u00e9ments du site, quel que soit le moyen ou le proc\u00e9d\u00e9 utilis\u00e9, est interdite.<\/p>\n\n\n\n<p>Toute exploitation non autoris\u00e9e du site ou de l\u2019un quelconque de ces \u00e9l\u00e9ments qu\u2019il contient sera consid\u00e9r\u00e9e comme constitutive d\u2019une contrefa\u00e7on et poursuivie conform\u00e9ment aux dispositions des articles L.335-2 et suivants du Code de Propri\u00e9t\u00e9 Intellectuelle.<\/p>\n\n\n\n<p>\u200b<strong>Liens hypertextes et cookies<\/strong><\/p>\n\n\n\n<p>L\u2019utilisateur est inform\u00e9 que lors de ses visites sur le site&nbsp;<a href=\"http:\/\/www.fildoux.fr\">www.fildoux.fr<\/a>&nbsp; un ou des cookies sont susceptible de s\u2019installer automatiquement sur son ordinateur. Un cookie est un fichier de petite taille, qui ne permet pas l\u2019identification de l\u2019utilisateur, mais qui enregistre des informations relatives \u00e0 la navigation d\u2019un ordinateur sur un site. Les donn\u00e9es ainsi obtenues visent \u00e0 faciliter la navigation ult\u00e9rieure sur le site, et ont \u00e9galement vocation \u00e0 permettre diverses mesures de fr\u00e9quentation.<\/p>\n\n\n\n<p>Le param\u00e9trage du logiciel de navigation permet d\u2019informer de la pr\u00e9sence de cookie et \u00e9ventuellement, de refuser de la mani\u00e8re d\u00e9crite \u00e0 l\u2019adresse suivante :&nbsp;<a href=\"http:\/\/www.cnil.fr\/\" target=\"_blank\" rel=\"noreferrer noopener\">www.cnil.fr<\/a><\/p>\n\n\n\n<p>Le refus d\u2019installation d\u2019un cookie peut entra\u00eener l\u2019impossibilit\u00e9 d\u2019acc\u00e9der \u00e0 certains services. L\u2019utilisateur peut toutefois configurer son ordinateur pour refuser l\u2019installation des cookies.<\/p>\n\n\n\n<h5 class=\"wp-block-heading\">Politique de cookies<\/h5>\n\n\n\n<p>Un cookie est un fichier qui est d\u00e9pos\u00e9 par votre navigateur sur votre ordinateur lorsque vous surfez sur Internet. Ce fichier est compos\u00e9 uniquement de&nbsp;texte (c\u2019est un fichier texte). Il est donc totalement inoffensif.&nbsp;<\/p>\n\n\n\n<p>Ce fichier est g\u00e9n\u00e9r\u00e9 par le serveur du site que&nbsp;vous consultez et il est envoy\u00e9 \u00e0 votre navigateur Internet. C\u2019est le navigateur qui va enregistrer le fichier sur votre disque dur.<\/p>\n\n\n\n<p>\u200bPour en savoir plus, n&rsquo;h\u00e9sitez pas \u00e0 consulter ce lien :&nbsp;<a href=\"https:\/\/www.culture-informatique.net\/cest-quoi-les-cookies\/\" target=\"_blank\" rel=\"noreferrer noopener\">https:\/\/www.culture-informatique.net\/cest-quoi-les-cookies\/<\/a><\/p>\n","protected":false},"excerpt":{"rendered":"<p>Pr\u00e9sentation du site Conform\u00e9ment aux dispositions des articles 6-III et 19 de la Loi n\u00b0 2004-575 du 21 juin 2004 pour la Confiance dans l\u2019\u00e9conomie num\u00e9rique, dite L.C.E.N., nous portons \u00e0 la connaissance des utilisateurs et visiteurs du site&nbsp;www.fildoux.fr les informations suivantes : \u00ab&nbsp;Fil Doux&nbsp;\u00bb est g\u00e9r\u00e9 par Nathalie Zenatti, 38270 Beaurepaire \u200b \u200b Propri\u00e9t\u00e9&hellip; <a class=\"more-link\" href=\"https:\/\/fildoux.fr\/index.php\/mentions-legales\/\">Poursuivre la lecture <span class=\"screen-reader-text\">Mentions l\u00e9gales<\/span><\/a><\/p>\n","protected":false},"author":2,"featured_media":0,"parent":0,"menu_order":0,"comment_status":"closed","ping_status":"closed","template":"","meta":{"footnotes":""},"class_list":["post-307","page","type-page","status-publish","hentry","entry"],"jetpack_sharing_enabled":true,"_links":{"self":[{"href":"https:\/\/fildoux.fr\/index.php\/wp-json\/wp\/v2\/pages\/307","targetHints":{"allow":["GET"]}}],"collection":[{"href":"https:\/\/fildoux.fr\/index.php\/wp-json\/wp\/v2\/pages"}],"about":[{"href":"https:\/\/fildoux.fr\/index.php\/wp-json\/wp\/v2\/types\/page"}],"author":[{"embeddable":true,"href":"https:\/\/fildoux.fr\/index.php\/wp-json\/wp\/v2\/users\/2"}],"replies":[{"embeddable":true,"href":"https:\/\/fildoux.fr\/index.php\/wp-json\/wp\/v2\/comments?post=307"}],"version-history":[{"count":3,"href":"https:\/\/fildoux.fr\/index.php\/wp-json\/wp\/v2\/pages\/307\/revisions"}],"predecessor-version":[{"id":358,"href":"https:\/\/fildoux.fr\/index.php\/wp-json\/wp\/v2\/pages\/307\/revisions\/358"}],"wp:attachment":[{"href":"https:\/\/fildoux.fr\/index.php\/wp-json\/wp\/v2\/media?parent=307"}],"curies":[{"name":"wp","href":"https:\/\/api.w.org\/{rel}","templated":true}]}}