{"id":3,"date":"2022-10-25T12:34:13","date_gmt":"2022-10-25T10:34:13","guid":{"rendered":"http:\/\/fildoux.fr\/?page_id=3"},"modified":"2022-11-30T14:37:48","modified_gmt":"2022-11-30T13:37:48","slug":"politique-de-confidentialite","status":"publish","type":"page","link":"https:\/\/fildoux.fr\/index.php\/politique-de-confidentialite\/","title":{"rendered":"Politique de confidentialit\u00e9"},"content":{"rendered":"\n<p><strong>Protection des biens et des personnes \u2013 gestion des donn\u00e9es personnelles&nbsp;<\/strong><\/p>\n\n\n\n<p>En France, les donn\u00e9es personnelles sont notamment prot\u00e9g\u00e9es par la loi n\u00b0 78-87 du 6 janvier 1978, la loi n\u00b0 2004-801 du 6 ao\u00fbt 2004, l\u2019article L. 226-13 du Code p\u00e9nal et la Directive Europ\u00e9enne du 24 octobre 1995.<\/p>\n\n\n\n<p>\u200bSur le site&nbsp;<a href=\"http:\/\/www.fildoux.fr\">www.fildoux.fr<\/a>, le propri\u00e9taire&nbsp;du site ne collecte des informations personnelles relatives \u00e0 l\u2019utilisateur que pour le besoin de certains services propos\u00e9s par le site&nbsp;<a href=\"http:\/\/www.fildoux.fr\">www.fildoux.fr<\/a>&nbsp;L\u2019utilisateur fournit ces informations en toute connaissance de cause, notamment lorsqu\u2019il proc\u00e8de par lui-m\u00eame \u00e0 leur saisie. Il est alors pr\u00e9cis\u00e9 \u00e0 l\u2019utilisateur du site&nbsp;<a href=\"http:\/\/www.fildoux.fr\">www.fildoux.fr<\/a>&nbsp;l\u2019obligation ou non de fournir ces informations.<\/p>\n\n\n\n<p>\u200bConform\u00e9ment aux dispositions des articles 38 et suivants de la loi 78-17 du 6 janvier 1978 relative \u00e0 l\u2019informatique, aux fichiers et aux libert\u00e9s, tout utilisateur dispose d\u2019un droit d\u2019acc\u00e8s, de rectification, de suppression et d\u2019opposition aux donn\u00e9es personnelles le concernant. Pour l\u2019exercer, adressez votre demande \u00e0&nbsp;<a href=\"http:\/\/www.fildoux.fr\">www.fildoux.fr<\/a>&nbsp;par email : <a href=\"mailto:contact@fildoux.fr\">contact@fildoux.fr<\/a><\/p>\n\n\n\n<p>Aucune information personnelle de l\u2019utilisateur du site&nbsp;<a href=\"http:\/\/www.fildoux.fr\">www.fildoux.fr<\/a>&nbsp;n\u2019est publi\u00e9e \u00e0 l\u2019insu de l\u2019utilisateur, \u00e9chang\u00e9e, transf\u00e9r\u00e9e, c\u00e9d\u00e9e ou vendue sur un support quelconque \u00e0 des tiers. \u200b<\/p>\n\n\n\n<p>Le site&nbsp;<a href=\"http:\/\/www.fildoux.fr\">www.fildoux.fr<\/a>&nbsp;est en conformit\u00e9 avec le RGPD.&nbsp;Voir notre&nbsp;<a href=\"https:\/\/www.mamancrochete.com\/politique-de-cookies\" target=\"_blank\" rel=\"noreferrer noopener\">politique de cookies.<\/a><\/p>\n\n\n\n<p>Les bases de donn\u00e9es sont prot\u00e9g\u00e9es par les dispositions de la loi du 1er juillet 1998 transposant la directive 96\/9 du 11 mars 1996 relative \u00e0 la protection juridique des bases de donn\u00e9es.<\/p>\n","protected":false},"excerpt":{"rendered":"<p>Protection des biens et des personnes \u2013 gestion des donn\u00e9es personnelles&nbsp; En France, les donn\u00e9es personnelles sont notamment prot\u00e9g\u00e9es par la loi n\u00b0 78-87 du 6 janvier 1978, la loi n\u00b0 2004-801 du 6 ao\u00fbt 2004, l\u2019article L. 226-13 du Code p\u00e9nal et la Directive Europ\u00e9enne du 24 octobre 1995. \u200bSur le site&nbsp;www.fildoux.fr, le propri\u00e9taire&nbsp;du&hellip; <a class=\"more-link\" href=\"https:\/\/fildoux.fr\/index.php\/politique-de-confidentialite\/\">Poursuivre la lecture <span class=\"screen-reader-text\">Politique de confidentialit\u00e9<\/span><\/a><\/p>\n","protected":false},"author":1,"featured_media":0,"parent":0,"menu_order":0,"comment_status":"closed","ping_status":"open","template":"","meta":{"footnotes":""},"class_list":["post-3","page","type-page","status-publish","hentry","entry"],"jetpack_sharing_enabled":true,"_links":{"self":[{"href":"https:\/\/fildoux.fr\/index.php\/wp-json\/wp\/v2\/pages\/3","targetHints":{"allow":["GET"]}}],"collection":[{"href":"https:\/\/fildoux.fr\/index.php\/wp-json\/wp\/v2\/pages"}],"about":[{"href":"https:\/\/fildoux.fr\/index.php\/wp-json\/wp\/v2\/types\/page"}],"author":[{"embeddable":true,"href":"https:\/\/fildoux.fr\/index.php\/wp-json\/wp\/v2\/users\/1"}],"replies":[{"embeddable":true,"href":"https:\/\/fildoux.fr\/index.php\/wp-json\/wp\/v2\/comments?post=3"}],"version-history":[{"count":3,"href":"https:\/\/fildoux.fr\/index.php\/wp-json\/wp\/v2\/pages\/3\/revisions"}],"predecessor-version":[{"id":354,"href":"https:\/\/fildoux.fr\/index.php\/wp-json\/wp\/v2\/pages\/3\/revisions\/354"}],"wp:attachment":[{"href":"https:\/\/fildoux.fr\/index.php\/wp-json\/wp\/v2\/media?parent=3"}],"curies":[{"name":"wp","href":"https:\/\/api.w.org\/{rel}","templated":true}]}}