{"id":10,"date":"2022-11-29T14:15:45","date_gmt":"2022-11-29T13:15:45","guid":{"rendered":"http:\/\/fildoux.fr\/?page_id=10"},"modified":"2022-11-30T14:35:08","modified_gmt":"2022-11-30T13:35:08","slug":"remboursements_retours","status":"publish","type":"page","link":"https:\/\/fildoux.fr\/index.php\/remboursements_retours\/","title":{"rendered":"Conditions g\u00e9n\u00e9rales de vente"},"content":{"rendered":"\n<p><\/p>\n\n\n\n<p><strong>Modalit\u00e9s de paiement et tarifs&nbsp;<\/strong><\/p>\n\n\n\n<p>Les prix affich\u00e9s sont en Euros<\/p>\n\n\n\n<p>Fil Doux se r\u00e9serve le droit de modifier ses tarifs \u00e0 tout moment, \u00e9tant entendu que le prix figurant sur le site internet le jour de la commande sera le seul applicable au client<\/p>\n\n\n\n<p>TVA non applicable, <a href=\"https:\/\/www.legifrance.gouv.fr\/affichCodeArticle.do?cidTexte=LEGITEXT000006069577&amp;idArticle=LEGIARTI000021645089\" target=\"_blank\" rel=\"noreferrer noopener\">article 293 B du CGI<\/a>.<\/p>\n\n\n\n<p>Nous acceptons les paiements en carte bancaire ainsi que ceux via Paypal.<\/p>\n\n\n\n<p>\u200b<\/p>\n\n\n\n<p><strong>Livraison&nbsp;<\/strong><\/p>\n\n\n\n<p>Les frais d\u2019exp\u00e9dition sont \u00e0 la charge du client et ils sont fixes (6.5 euros)<\/p>\n\n\n\n<p>Le temps de pr\u00e9paration de commande est actuellement de 2 \u00e0 3 jours pour un article pr\u00e9sent sur le site, de 2 \u00e0 3 semaines pour une demande particuli\u00e8re, ce qui correspond au temps de r\u00e9alisation de vos articles fait main.<\/p>\n\n\n\n<p>Une fois la commande pr\u00eate, les envois se font par La Poste, en France uniquement, dans un d\u00e9lai de 2 \u00e0 3 jours ouvr\u00e9s.<\/p>\n\n\n\n<p>Nous d\u00e9clinons toute responsabilit\u00e9 concernant les retards de livraison, perte de colis, ou colis endommag\u00e9s.<\/p>\n\n\n\n<p>\u200b<\/p>\n\n\n\n<p><strong>Retours et remboursement&nbsp;<\/strong><\/p>\n\n\n\n<p>Conform\u00e9ment \u00e0 l<a href=\"https:\/\/www.legifrance.gouv.fr\/affichCodeArticle.do?idArticle=LEGIARTI000032226842&amp;cidTexte=LEGITEXT000006069565\" target=\"_blank\" rel=\"noreferrer noopener\">\u2019Article L221-18<\/a> du code de la consommation sur le droit de r\u00e9tractation, vous avez 14 jours \u00e0 compter de la r\u00e9ception de votre commande pour vous r\u00e9tracter.<\/p>\n\n\n\n<p>Les frais de retour du produit sont \u00e0 la charge du client.<br>Le produit doit \u00eatre retourn\u00e9 dans son emballage, neuf. Le cas \u00e9ch\u00e9ant, aucun remboursement ne sera effectu\u00e9.&nbsp;<br>Le remboursement se fera dans un d\u00e9lai de 14 jours \u00e0 compter de la r\u00e9ception du produit retourn\u00e9.<\/p>\n\n\n\n<p>Attention, les produits r\u00e9alis\u00e9s \u00e0 la demande ne sont ni repris ni \u00e9chang\u00e9s &nbsp;conform\u00e9ment \u00e0 l\u2019<a href=\"https:\/\/www.legifrance.gouv.fr\/affichCodeArticle.do;jsessionid=1DD87705329072F8AF55AAE3B521C941.tplgfr41s_2?idArticle=LEGIARTI000032226820&amp;cidTexte=LEGITEXT000006069565&amp;categorieLien=id&amp;dateTexte=\" target=\"_blank\" rel=\"noreferrer noopener\">Article L221-28<\/a> du code de la consommation.<\/p>\n\n\n\n<p><\/p>\n","protected":false},"excerpt":{"rendered":"<p>Modalit\u00e9s de paiement et tarifs&nbsp; Les prix affich\u00e9s sont en Euros Fil Doux se r\u00e9serve le droit de modifier ses tarifs \u00e0 tout moment, \u00e9tant entendu que le prix figurant sur le site internet le jour de la commande sera le seul applicable au client TVA non applicable, article 293 B du CGI. Nous acceptons&hellip; <a class=\"more-link\" href=\"https:\/\/fildoux.fr\/index.php\/remboursements_retours\/\">Poursuivre la lecture <span class=\"screen-reader-text\">Conditions g\u00e9n\u00e9rales de vente<\/span><\/a><\/p>\n","protected":false},"author":1,"featured_media":0,"parent":0,"menu_order":0,"comment_status":"closed","ping_status":"closed","template":"","meta":{"footnotes":""},"class_list":["post-10","page","type-page","status-publish","hentry","entry"],"jetpack_sharing_enabled":true,"_links":{"self":[{"href":"https:\/\/fildoux.fr\/index.php\/wp-json\/wp\/v2\/pages\/10","targetHints":{"allow":["GET"]}}],"collection":[{"href":"https:\/\/fildoux.fr\/index.php\/wp-json\/wp\/v2\/pages"}],"about":[{"href":"https:\/\/fildoux.fr\/index.php\/wp-json\/wp\/v2\/types\/page"}],"author":[{"embeddable":true,"href":"https:\/\/fildoux.fr\/index.php\/wp-json\/wp\/v2\/users\/1"}],"replies":[{"embeddable":true,"href":"https:\/\/fildoux.fr\/index.php\/wp-json\/wp\/v2\/comments?post=10"}],"version-history":[{"count":2,"href":"https:\/\/fildoux.fr\/index.php\/wp-json\/wp\/v2\/pages\/10\/revisions"}],"predecessor-version":[{"id":351,"href":"https:\/\/fildoux.fr\/index.php\/wp-json\/wp\/v2\/pages\/10\/revisions\/351"}],"wp:attachment":[{"href":"https:\/\/fildoux.fr\/index.php\/wp-json\/wp\/v2\/media?parent=10"}],"curies":[{"name":"wp","href":"https:\/\/api.w.org\/{rel}","templated":true}]}}